{"id":448,"date":"2017-07-19T09:14:34","date_gmt":"2017-07-19T07:14:34","guid":{"rendered":"http:\/\/www.nicdarkthemes.com\/themes\/hotel\/wp\/demo\/?page_id=448"},"modified":"2020-03-27T09:57:59","modified_gmt":"2020-03-27T08:57:59","slug":"okolie-aktivity","status":"publish","type":"page","link":"https:\/\/www.laresidence.sk\/poprad\/okolie-aktivity\/","title":{"rendered":"Okolie"},"content":{"rendered":"<p>[vc_row css=&#8220;.vc_custom_1485535037496{margin-top: 50px !important;}&#8220;][vc_column width=&#8220;1\/4&#8243;]<div style=\"background-color:;height: 10px\" class=\"nicdark_section  \"><\/div>\n\n    <div class=\"nd_options_section  nd_options_text_align_left \">\n\n        \n\n        <div class=\"nd_options_section nd_options_box_sizing_border_box\">\n            \n            <h3 class=\"nd_options_first_font  \" style=\"margin:10px 0px 0px 0px;color:;font-size:25px;line-height:25px\">Aquacity Poprad<\/h3> \n            <p class=\"nd_options_second_font  \" style=\"margin:20px 0px;color:#878787;font-size:14px;line-height:24px\">Aquacity Poprad je modern\u00fd relaxa\u010dno-\u0161portov\u00fd are\u00e1l, ktor\u00e9ho dominantou je kry\u0161t\u00e1lovo \u010dist\u00e1 geoterm\u00e1lna.<\/p> \n            \n\n        <\/div>\n\n    <\/div>\n\n  <div style=\"background-color:;height: 10px\" class=\"nicdark_section  \"><\/div>[\/vc_column][vc_column width=&#8220;1\/4&#8243;]<div style=\"background-color:;height: 10px\" class=\"nicdark_section  \"><\/div>\n\n    <div class=\"nd_options_section  nd_options_text_align_left \">\n\n        \n\n        <div class=\"nd_options_section nd_options_box_sizing_border_box\">\n            \n            <h3 class=\"nd_options_first_font  \" style=\"margin:10px 0px 0px 0px;color:;font-size:25px;line-height:25px\">Hrebienok<\/h3> \n            <p class=\"nd_options_second_font  \" style=\"margin:20px 0px;color:#878787;font-size:14px;line-height:24px\">Hrebienok (1285m) je atrakt\u00edvnym cie\u013eom n\u00e1v\u0161tevn\u00edkov Vysok\u00fdch Tatier. Najstar\u0161ie turistick\u00e9 centrum Star\u00fd Smokovec je dopravn\u00fdm uzlom mesta Vysok\u00e9 Tatry.<\/p> \n            \n\n        <\/div>\n\n    <\/div>\n\n  <div style=\"background-color:;height: 10px\" class=\"nicdark_section  \"><\/div>[\/vc_column][vc_column width=&#8220;1\/4&#8243;]<div style=\"background-color:;height: 10px\" class=\"nicdark_section  \"><\/div>\n\n    <div class=\"nd_options_section  nd_options_text_align_left \">\n\n        \n\n        <div class=\"nd_options_section nd_options_box_sizing_border_box\">\n            \n            <h3 class=\"nd_options_first_font  \" style=\"margin:10px 0px 0px 0px;color:;font-size:25px;line-height:25px\">\u0160trbsk\u00e9 pleso<\/h3> \n            <p class=\"nd_options_second_font  \" style=\"margin:20px 0px;color:#878787;font-size:14px;line-height:24px\">\u0160trbsk\u00e9 Pleso je v\u00fdznamn\u00e9 centrum turizmu a zimn\u00fdch \u0161portov, najvy\u0161\u0161ie polo\u017een\u00e1 turisticko-lie\u010debn\u00e1 osada, nach\u00e1dzaj\u00faca sa vo Vysok\u00fdch Tatr\u00e1ch. Rozklad\u00e1 sa na ju\u017enom brehu jazera \u0160trbsk\u00e9 pleso v nadmorskej v\u00fd\u0161ke 1 346 m n. m.<\/p> \n            \n\n        <\/div>\n\n    <\/div>\n\n  <div style=\"background-color:;height: 10px\" class=\"nicdark_section  \"><\/div>[\/vc_column][vc_column width=&#8220;1\/4&#8243;]<div style=\"background-color:;height: 10px\" class=\"nicdark_section  \"><\/div>\n\n    <div class=\"nd_options_section  nd_options_text_align_left \">\n\n        \n\n        <div class=\"nd_options_section nd_options_box_sizing_border_box\">\n            \n            <h3 class=\"nd_options_first_font  \" style=\"margin:10px 0px 0px 0px;color:;font-size:25px;line-height:25px\">Lomnick\u00fd \u0161t\u00edt<\/h3> \n            <p class=\"nd_options_second_font  \" style=\"margin:20px 0px;color:#878787;font-size:14px;line-height:24px\">Vyberte sa s rodinou na v\u00fdlet na druh\u00fd najvy\u0161\u0161\u00ed \u0161t\u00edt Vysok\u00fdch Tatier - Lomnick\u00fd \u0161t\u00edt. Vyvezte sa nad oblaky a pre\u017eite neopakovate\u013en\u00e9 v\u00fdh\u013eady na okolit\u00e9 \u0161t\u00edty.<\/p> \n            \n\n        <\/div>\n\n    <\/div>\n\n  <div style=\"background-color:;height: 10px\" class=\"nicdark_section  \"><\/div>[\/vc_column][\/vc_row][vc_row full_width=&#8220;stretch_row&#8220; content_placement=&#8220;middle&#8220; parallax=&#8220;content-moving&#8220; parallax_image=&#8220;1779&#8243; css=&#8220;.vc_custom_1584953638130{margin-top: 60px !important;padding-top: 85px !important;padding-bottom: 85px !important;}&#8220; el_class=&#8220;nd_options_vc_parallax_filter_1_3&#8243;][vc_column width=&#8220;1\/2&#8243;]<div style=\"background-color:;height: 15px\" class=\"nicdark_section  \"><\/div> <h1 style=\"color:#ffffff;padding:px;text-align:;font-size:50px;line-height:50px;letter-spacing: px;font-weight:normal\" class=\"   nd_options_first_font \">Lomnick\u00fd \u0161t\u00edt<\/h1> <div style=\"background-color:;height: 200px\" class=\"nicdark_section  \"><\/div>[\/vc_column][vc_column width=&#8220;1\/4&#8243;][\/vc_column][vc_column width=&#8220;1\/4&#8243;][\/vc_column][\/vc_row][vc_row][vc_column]<div style=\"background-color:;height: 40px\" class=\"nicdark_section  \"><\/div>[\/vc_column][\/vc_row][vc_row][vc_column][vc_custom_heading text=&#8220;Zauj\u00edmave tipy v okol\u00ed&#8220; font_container=&#8220;tag:h3|text_align:left&#8220; use_theme_fonts=&#8220;yes&#8220;][vc_row_inner][vc_column_inner]<div style=\"background-color:;height: 20px\" class=\"nicdark_section  \"><\/div>[vc_column_text el_class=&#8220;ubytovanie_text&#8220;]<\/p>\n<h4>Obchody a \u0161portov\u00e9 po\u017ei\u010dovne:<\/h4>\n<ul>\n<li><strong>Po\u017ei\u010dov\u0148a ly\u017e\u00ed: Sportrysy Poprad OC Storeland<\/strong>, Teplick\u00e1 5, 058 01 Poprad, <a href=\"http:\/\/www.sportrysy.sk\">www.sportrysy.sk<\/a> \u2013 3km<\/li>\n<li><strong>N\u00e1kupn\u00e9 centrum : F\u00f3rum poprad<\/strong>, N\u00e1mestie sv. Eg\u00eddia 3290\/124 , 058 01 Poprad, <a href=\"http:\/\/www.forumpoprad.sk\">www.forumpoprad.sk<\/a> \u2013 150 m<\/li>\n<li><strong>\u0160portov\u00e1 predaj\u0148a : Sportrysy Poprad<\/strong>, N\u00e1mestie sv. Eg\u00eddia77, 058 01 Poprad, <a href=\"http:\/\/www.sportrysy.sk\">www.sportrysy.sk<\/a> \u2013 100 m<\/li>\n<\/ul>\n<p>&nbsp;<\/p>\n<h4>Re\u0161taur\u00e1cie a kaviarne <em>(1-5 min od apartm\u00e1nu )<\/em><\/h4>\n<ul>\n<li><strong>Popradsk\u00e1 Plze\u0148ka<\/strong>, N\u00e1mestie sv. Eg\u00eddia 9\/19 , 058 01 Poprad, <a href=\"https:\/\/www.facebook.com\/plzenkapoprad\">https:\/\/www.facebook.com\/plzenkapoprad<\/a><\/li>\n<li><strong>Re\u0161taur\u00e1cia Lahodnosti<\/strong>, N\u00e1mestie sv. Eg\u00eddia 44 , 058 01 Poprad, <a href=\"http:\/\/www.lahodnosti.sk\">www.lahodnosti.sk<\/a><\/li>\n<li><strong>VEG restaurant<\/strong>, N\u00e1mestie sv. Eg\u00eddia77, 058 01 Poprad, <a href=\"http:\/\/www.veg.sk\">www.veg.sk<\/a><\/li>\n<li><strong>Caf\u00e9 La F\u00e9e<\/strong>, N\u00e1mestie sv. Eg\u00eddia114, 058 01 Poprad, <a href=\"https:\/\/www.facebook.com\/cafelafee.pp\">https:\/\/www.facebook.com\/cafelafee.pp<\/a><\/li>\n<li><strong>La Creperie<\/strong> \u2013 palacink\u00e1re\u0148 u priate\u013eov, 1. M\u00e1ja 4953\/2A, 05801 Poprad, <a href=\"https:\/\/palacinkarenupriatelov.business.site\/?m=true\">https:\/\/palacinkarenupriatelov.business.site\/?m=true<\/a><\/li>\n<\/ul>\n<p>[\/vc_column_text][\/vc_column_inner][\/vc_row_inner][\/vc_column][\/vc_row]<\/p>\n","protected":false},"excerpt":{"rendered":"<p>[vc_row css=&#8220;.vc_custom_1485535037496{margin-top: 50px !important;}&#8220;][vc_column width=&#8220;1\/4&#8243;][\/vc_column][vc_column width=&#8220;1\/4&#8243;][\/vc_column][vc_column width=&#8220;1\/4&#8243;][\/vc_column][vc_column width=&#8220;1\/4&#8243;][\/vc_column][\/vc_row][vc_row full_width=&#8220;stretch_row&#8220; content_placement=&#8220;middle&#8220; parallax=&#8220;content-moving&#8220; parallax_image=&#8220;1779&#8243; css=&#8220;.vc_custom_1584953638130{margin-top: 60px !important;padding-top: 85px !important;padding-bottom: 85px !important;}&#8220; el_class=&#8220;nd_options_vc_parallax_filter_1_3&#8243;][vc_column width=&#8220;1\/2&#8243;][\/vc_column][vc_column width=&#8220;1\/4&#8243;][\/vc_column][vc_column width=&#8220;1\/4&#8243;][\/vc_column][\/vc_row][vc_row][vc_column][\/vc_column][\/vc_row][vc_row][vc_column][vc_custom_heading text=&#8220;Zauj\u00edmave tipy v okol\u00ed&#8220; font_container=&#8220;tag:h3|text_align:left&#8220; use_theme_fonts=&#8220;yes&#8220;][vc_row_inner][vc_column_inner][vc_column_text el_class=&#8220;ubytovanie_text&#8220;] Obchody a \u0161portov\u00e9 po\u017ei\u010dovne: Po\u017ei\u010dov\u0148a ly\u017e\u00ed: Sportrysy Poprad OC Storeland, Teplick\u00e1 5, 058 01 Poprad, www.sportrysy.sk \u2013 3km N\u00e1kupn\u00e9 centrum : F\u00f3rum poprad, N\u00e1mestie sv. [&hellip;]<\/p>\n","protected":false},"author":1,"featured_media":0,"parent":0,"menu_order":0,"comment_status":"closed","ping_status":"closed","template":"","meta":{"footnotes":""},"class_list":["post-448","page","type-page","status-publish","hentry"],"_links":{"self":[{"href":"https:\/\/www.laresidence.sk\/poprad\/wp-json\/wp\/v2\/pages\/448","targetHints":{"allow":["GET"]}}],"collection":[{"href":"https:\/\/www.laresidence.sk\/poprad\/wp-json\/wp\/v2\/pages"}],"about":[{"href":"https:\/\/www.laresidence.sk\/poprad\/wp-json\/wp\/v2\/types\/page"}],"author":[{"embeddable":true,"href":"https:\/\/www.laresidence.sk\/poprad\/wp-json\/wp\/v2\/users\/1"}],"replies":[{"embeddable":true,"href":"https:\/\/www.laresidence.sk\/poprad\/wp-json\/wp\/v2\/comments?post=448"}],"version-history":[{"count":32,"href":"https:\/\/www.laresidence.sk\/poprad\/wp-json\/wp\/v2\/pages\/448\/revisions"}],"predecessor-version":[{"id":1814,"href":"https:\/\/www.laresidence.sk\/poprad\/wp-json\/wp\/v2\/pages\/448\/revisions\/1814"}],"wp:attachment":[{"href":"https:\/\/www.laresidence.sk\/poprad\/wp-json\/wp\/v2\/media?parent=448"}],"curies":[{"name":"wp","href":"https:\/\/api.w.org\/{rel}","templated":true}]}}